{"id":9475,"date":"2023-10-28T09:33:18","date_gmt":"2023-10-28T07:33:18","guid":{"rendered":"https:\/\/gamida.fr\/?page_id=9475"},"modified":"2025-04-08T18:13:48","modified_gmt":"2025-04-08T16:13:48","slug":"career","status":"publish","type":"page","link":"https:\/\/gamida.fr\/en\/career\/","title":{"rendered":"Career"},"content":{"rendered":"<section data-bb-version=\"4.6.1\" id=\"bt_bb_section69d79ff82ce6f\" class=\"bt_bb_section bt_bb_color_scheme_1 bt_bb_layout_boxed_1200 bt_bb_vertical_align_top bt_bb_top_spacing_large bt_bb_bottom_spacing_medium\" style=\"; --section-primary-color:#ffffff; --section-secondary-color:#1d1e21;\" data-bt-override-class=\"{&quot;bt_bb_top_spacing_&quot;:{&quot;current_class&quot;:&quot;bt_bb_top_spacing_large&quot;,&quot;xxl&quot;:&quot;large&quot;},&quot;bt_bb_bottom_spacing_&quot;:{&quot;current_class&quot;:&quot;bt_bb_bottom_spacing_medium&quot;,&quot;xxl&quot;:&quot;medium&quot;}}\"><div class=\"bt_bb_background_image_holder_wrapper\"><div class=\"bt_bb_background_image_holder btLazyLoadBackground bt_bb_parallax\"  data-background_image_src=\"https:\/\/gamida.fr\/wp-content\/uploads\/2024\/05\/header_carriere_1920x870.jpg\" data-parallax=\"0.6\" data-parallax-offset=\"0\" data-parallax-zoom-start=\"1\" data-parallax-zoom-end=\"1\" data-parallax-blur-start=\"0\" data-parallax-blur-end=\"0\" data-parallax-opacity-start=\"1\" data-parallax-opacity-end=\"1\" style=\" background-image: url(&#039;https:\/\/gamida.fr\/wp-content\/plugins\/bold-page-builder\/img\/blank.gif&#039;);\"><\/div><\/div><div class=\"bt_bb_port\"><div class=\"bt_bb_cell\"><div class=\"bt_bb_cell_inner\"><div class=\"bt_bb_row_wrapper\"><div  class=\"bt_bb_row\"  data-bt-override-class=\"{}\"><div  class=\"bt_bb_column col-xxl-6 col-xl-6 col-xs-12 col-sm-12 col-md-7 col-lg-6 bt_bb_vertical_align_top bt_bb_align_left bt_bb_padding_normal bt_bb_animation_fade_in animate\"  data-width=\"6\" data-bt-override-class=\"{&quot;bt_bb_align_&quot;:{&quot;current_class&quot;:&quot;bt_bb_align_left&quot;,&quot;xxl&quot;:&quot;left&quot;,&quot;xl&quot;:&quot;left&quot;}}\"><div class=\"bt_bb_column_content\"><div class=\"bt_bb_column_content_inner\"><div class=\"bt_bb_separator bt_bb_border_style_none bt_bb_bottom_spacing_medium bt_bb_hidden_xs bt_bb_hidden_ms bt_bb_hidden_sm\" data-bt-override-class=\"null\"><\/div><header data-bb-version=\"4.6.1\" class=\"bt_bb_headline bt_bb_subheadline_text_transform_default bt_bb_dash_none bt_bb_subheadline bt_bb_size_large bt_bb_align_inherit\" data-bt-override-class=\"{&quot;bt_bb_size_&quot;:{&quot;current_class&quot;:&quot;bt_bb_size_large&quot;,&quot;xxl&quot;:&quot;large&quot;},&quot;bt_bb_align_&quot;:{&quot;current_class&quot;:&quot;bt_bb_align_inherit&quot;,&quot;xxl&quot;:&quot;inherit&quot;}}\"><h1 class=\"bt_bb_headline_tag\"><span class=\"bt_bb_headline_content\"><span>Careers<\/span><\/span><\/h1><div class=\"bt_bb_headline_subheadline\">Join GAMIDA, distributor of medical devices for anaesthesia \/ intensive care, oncology surgery and biomedical engineering<\/div><\/header><\/div><\/div><\/div><div  class=\"bt_bb_column col-xxl-6 col-xl-6 col-xs-12 col-sm-12 col-md-5 col-lg-6 bt_bb_vertical_align_top bt_bb_align_left bt_bb_padding_normal\"  data-width=\"6\" data-bt-override-class=\"{}\"><div class=\"bt_bb_column_content\"><div class=\"bt_bb_column_content_inner\"><\/div><\/div><\/div><\/div><\/div><\/div><!-- cell_inner --><\/div><!-- cell --><\/div><!-- port --><\/section><section id=\"bt_bb_section69d79ff82d1c4\" class=\"bt_bb_section bt_bb_color_scheme_17 bt_bb_layout_boxed_1200 bt_bb_vertical_align_top bt_bb_top_spacing_large bt_bb_bottom_spacing_medium\" style=\"; --section-primary-color:var(--alternate-color); --section-secondary-color:#f3f3f3;\" data-bt-override-class=\"null\"><div class=\"bt_bb_port\"><div class=\"bt_bb_cell\"><div class=\"bt_bb_cell_inner\"><div class=\"bt_bb_row_wrapper\"><div  class=\"bt_bb_row bt_bb_column_gap_10\"  data-bt-override-class=\"{}\"><div data-bb-version=\"4.6.1\"  class=\"bt_bb_column col-xxl-12 col-xl-12 col-xs-12 col-sm-12 col-md-12 col-lg-12 bt_bb_vertical_align_top bt_bb_align_left bt_bb_padding_30 bt_bb_animation_fade_in animate\" style=\"margin-bottom: 4em;\" data-width=\"12\" data-bt-override-class=\"{&quot;bt_bb_align_&quot;:{&quot;current_class&quot;:&quot;bt_bb_align_left&quot;,&quot;xxl&quot;:&quot;left&quot;},&quot;bt_bb_padding_&quot;:{&quot;current_class&quot;:&quot;bt_bb_padding_30&quot;,&quot;xxl&quot;:&quot;30&quot;}}\"><div class=\"bt_bb_column_content bt_bb_inner_color_scheme_8 bt_bb_inner_color_scheme_8\" style=\"; --column-inner-primary-color:var(--alternate-color); --column-inner-secondary-color:#ffffff;\"><div class=\"bt_bb_column_content_inner\"><div class=\"bt_bb_separator bt_bb_border_style_none bt_bb_bottom_spacing_45\" data-bt-override-class=\"null\"><\/div><header data-bb-version=\"4.6.1\" class=\"bt_bb_headline bt_bb_subheadline_text_transform_default bt_bb_dash_none bt_bb_size_medium bt_bb_align_inherit\" data-bt-override-class=\"{&quot;bt_bb_size_&quot;:{&quot;current_class&quot;:&quot;bt_bb_size_medium&quot;,&quot;xxl&quot;:&quot;medium&quot;},&quot;bt_bb_align_&quot;:{&quot;current_class&quot;:&quot;bt_bb_align_inherit&quot;,&quot;xxl&quot;:&quot;inherit&quot;}}\"><h5 class=\"bt_bb_headline_tag\"><span class=\"bt_bb_headline_content\"><span>Discover our job opportunities<\/span><\/span><\/h5><\/header><div class=\"bt_bb_separator bt_bb_border_style_none bt_bb_bottom_spacing_40\" data-bt-override-class=\"null\"><\/div><div data-bb-version=\"4.6.1\"  class=\"bt_bb_text bt_bb_font_size_15\" style=\"color: rgb(23, 23, 23)\"><p>At GAMIDA, we&#8217;re proud to be going from strength to strength with dynamic, supportive teams who are committed to their everyday missions. At GAMIDA, you can expect to create memories to last a lifetime<\/p>\n<\/div><div class=\"bt_bb_separator bt_bb_border_style_none bt_bb_bottom_spacing_40\" data-bt-override-class=\"null\"><\/div><div data-bb-version=\"4.6.1\" class=\"bt_bb_working_hours title bt_bb_color_scheme_10 title\"  style=\"color: rgb(23, 23, 23); --working-hours-primary-color:#ffffff; --working-hours-secondary-color:var(--alternate-color);\"><div class=\"bt_bb_working_hours_inner_wrapper\"><div class=\"bt_bb_working_hours_day\">Domaine de comp\u00e9tence<\/div><div class=\"bt_bb_working_hours_time\">Lieu du poste<\/div><\/div><\/div><div data-bb-version=\"4.6.1\" class=\"bt_bb_working_hours content bt_bb_color_scheme_10 content\"  style=\"color: rgb(23, 23, 23); --working-hours-primary-color:#ffffff; --working-hours-secondary-color:var(--alternate-color);\"><div class=\"bt_bb_working_hours_inner_wrapper\"><div class=\"bt_bb_working_hours_day\">Technico-commercial<\/div><div class=\"bt_bb_working_hours_time\">Secteur Est de la France<\/div><div class=\"bt_bb_working_hours_button\"><div class=\"bt_bb_button bt_bb_color_scheme_10 bt_bb_icon_position_left bt_bb_style_filled bt_bb_size_normal bt_bb_target_blank bt_bb_align_inherit btWithIcon\" style=\"; --primary-color:#ffffff; --secondary-color:var(--alternate-color);\" data-bt-override-class=\"{}\"><a href=\"https:\/\/gamida.fr\/wp-content\/uploads\/2024\/11\/Technico-commerciale-2024.pdf\" target=\"_blank\" class=\"bt_bb_link\" title=\"Fiche de poste : Technico-commercial(e) secteur Est \"><span class=\"bt_bb_button_text\" >Fiche de poste : Technico-commercial(e) secteur Est <\/span><span  data-ico-remixiconsbusiness=\"&#xe988;\" class=\"bt_bb_icon_holder\"><\/span><\/a><\/div><\/div><\/div><\/div><div class=\"bt_bb_separator bt_bb_border_style_none bt_bb_bottom_spacing_normal\" data-bt-override-class=\"null\"><\/div><div data-bb-version=\"4.6.1\"  class=\"bt_bb_text bt_bb_font_size_15\" style=\"color: rgb(23, 23, 23)\"><p>At GAMIDA, we are actively recruiting full-time staff in a variety of fields. We also offer internships and apprenticeships in a wide range of fields: Business, Communication, Human Resources, etc. Discover our opportunities and join us!<\/p>\n<\/div><div class=\"bt_bb_separator bt_bb_border_style_none bt_bb_bottom_spacing_normal\" data-bt-override-class=\"null\"><\/div><header data-bb-version=\"4.6.1\" class=\"bt_bb_headline bt_bb_subheadline_text_transform_default bt_bb_dash_none bt_bb_size_extrasmall bt_bb_align_inherit\" style=\"color: rgb(23, 23, 23)\" data-bt-override-class=\"{&quot;bt_bb_size_&quot;:{&quot;current_class&quot;:&quot;bt_bb_size_extrasmall&quot;,&quot;xxl&quot;:&quot;extrasmall&quot;},&quot;bt_bb_align_&quot;:{&quot;current_class&quot;:&quot;bt_bb_align_inherit&quot;,&quot;xxl&quot;:&quot;inherit&quot;}}\"><h5 class=\"bt_bb_headline_tag\"><span class=\"bt_bb_headline_content\"><span>Why work at Gamida?<\/span><\/span><\/h5><\/header><div class=\"bt_bb_separator bt_bb_border_style_none bt_bb_bottom_spacing_extra_small\" data-bt-override-class=\"null\"><\/div><div data-bb-version=\"4.6.1\"  class=\"bt_bb_text bt_bb_font_size_15\" style=\"color: rgb(23, 23, 23)\"><ul>\n<li><strong>Expertise<\/strong>: We work hand in hand with our partners to offer healthcare professionals medical devices of the highest quality.<\/li>\n<li><strong>Corporate culture<\/strong>: At GAMIDA, we value collaboration, integrity and interpersonal skills. Our team is our most valuable asset.<\/li>\n<li><strong>Development opportunities<\/strong>: We offer opportunities for training, professional development and career progression.<\/li>\n<\/ul>\n<\/div><div class=\"bt_bb_separator bt_bb_border_style_none bt_bb_bottom_spacing_small\" data-bt-override-class=\"null\"><\/div><\/div><\/div><\/div><\/div><\/div><div class=\"bt_bb_row_wrapper\"><div  class=\"bt_bb_row bt_bb_column_gap_10\"  data-bt-override-class=\"{}\"><div data-bb-version=\"4.6.1\"  class=\"bt_bb_column col-xxl-12 col-xl-12 col-xs-12 col-sm-12 col-md-12 col-lg-12 bt_bb_vertical_align_top bt_bb_align_left bt_bb_padding_30 bt_bb_animation_fade_in animate\" style=\"margin-bottom: 4em;\" data-width=\"12\" data-bt-override-class=\"{&quot;bt_bb_align_&quot;:{&quot;current_class&quot;:&quot;bt_bb_align_left&quot;,&quot;xxl&quot;:&quot;left&quot;},&quot;bt_bb_padding_&quot;:{&quot;current_class&quot;:&quot;bt_bb_padding_30&quot;,&quot;xxl&quot;:&quot;30&quot;}}\"><div class=\"bt_bb_column_content bt_bb_inner_color_scheme_8 bt_bb_inner_color_scheme_8\" style=\"; --column-inner-primary-color:var(--alternate-color); --column-inner-secondary-color:#ffffff;\"><div class=\"bt_bb_column_content_inner\"><div class=\"bt_bb_separator bt_bb_border_style_none bt_bb_bottom_spacing_45\" data-bt-override-class=\"null\"><\/div><header data-bb-version=\"4.6.1\" class=\"bt_bb_headline bt_bb_subheadline_text_transform_default bt_bb_dash_none bt_bb_size_medium bt_bb_align_inherit\" data-bt-override-class=\"{&quot;bt_bb_size_&quot;:{&quot;current_class&quot;:&quot;bt_bb_size_medium&quot;,&quot;xxl&quot;:&quot;medium&quot;},&quot;bt_bb_align_&quot;:{&quot;current_class&quot;:&quot;bt_bb_align_inherit&quot;,&quot;xxl&quot;:&quot;inherit&quot;}}\"><h5 class=\"bt_bb_headline_tag\"><span class=\"bt_bb_headline_content\"><span>Would you like to apply?<\/span><\/span><\/h5><\/header><div class=\"bt_bb_separator bt_bb_border_style_none bt_bb_bottom_spacing_40\" data-bt-override-class=\"null\"><\/div><div data-bb-version=\"4.6.1\"  class=\"bt_bb_text bt_bb_font_size_15\" style=\"color: rgb(23, 23, 23)\"><p>If you want to join a creative, ambitious and collaborative team, GAMIDA is the place for you. Apply today and be part of our mission to shape the future of medical care in France.<\/p>\n<\/div><div class=\"bt_bb_separator bt_bb_border_style_none bt_bb_bottom_spacing_40\" data-bt-override-class=\"null\"><\/div><div data-bb-version=\"4.6.1\" class=\"bt_bb_contact_form_7 bt_bb_input_fields_style_light_filled bt_bb_button_width_full\">\n<div class=\"wpcf7 no-js\" id=\"wpcf7-f9705-o1\" lang=\"en-US\" dir=\"ltr\">\n<div class=\"screen-reader-response\"><p role=\"status\" aria-live=\"polite\" aria-atomic=\"true\"><\/p> <ul><\/ul><\/div>\n<form action=\"\/en\/wp-json\/wp\/v2\/pages\/9475#wpcf7-f9705-o1\" method=\"post\" class=\"wpcf7-form init\" aria-label=\"Contact form\" enctype=\"multipart\/form-data\" novalidate=\"novalidate\" data-status=\"init\">\n<div style=\"display: none;\">\n<input type=\"hidden\" name=\"_wpcf7\" value=\"9705\" \/>\n<input type=\"hidden\" name=\"_wpcf7_version\" value=\"5.8.1\" \/>\n<input type=\"hidden\" name=\"_wpcf7_locale\" value=\"en_US\" \/>\n<input type=\"hidden\" name=\"_wpcf7_unit_tag\" value=\"wpcf7-f9705-o1\" \/>\n<input type=\"hidden\" name=\"_wpcf7_container_post\" value=\"0\" \/>\n<input type=\"hidden\" name=\"_wpcf7_posted_data_hash\" value=\"\" \/>\n<input type=\"hidden\" name=\"_wpcf7_recaptcha_response\" value=\"\" \/>\n<\/div>\n<style>\n ::placeholder { \/* Chrome, Firefox, Opera, Safari 10.1+ *\/\n color: #939598 !important;\n opacity: 1; \/* Firefox *\/\n }\n\n :-ms-input-placeholder { \/* Internet Explorer 10-11 *\/\n color: #939598 !important;\n }\n\n ::-ms-input-placeholder { \/* Microsoft Edge *\/\n color: #939598 !important;\n }\n<\/style>\n\n<!-- Formulaire Contact Form 7 avec \u00e9tiquettes \u00e0 l'int\u00e9rieur des champs -->\n<div style=\"display:flex; flex-wrap: wrap; justify-content: space-between; align-items: flex-end;\">\n <!-- Nom et Pr\u00e9nom -->\n\t<div style=\"flex: 1 1 100%; margin-bottom: 5px;\">\n\t\t<p><span class=\"wpcf7-form-control-wrap\" data-name=\"nom\"><input size=\"40\" class=\"wpcf7-form-control wpcf7-text wpcf7-validates-as-required\" aria-required=\"true\" aria-invalid=\"false\" placeholder=\"Full name*\" value=\"\" type=\"text\" name=\"nom\" \/><\/span>\n\t\t<\/p>\n\t<\/div>\n <!-- Email -->\n\t<div style=\"flex: 1 1 100%; margin-bottom: 5px;\">\n\t\t<p><span class=\"wpcf7-form-control-wrap\" data-name=\"email\"><input size=\"40\" class=\"wpcf7-form-control wpcf7-text wpcf7-validates-as-required\" aria-required=\"true\" aria-invalid=\"false\" placeholder=\"Email*\" value=\"\" type=\"text\" name=\"email\" \/><\/span>\n\t\t<\/p>\n\t<\/div> \n <!-- CV -->\n\t<div style=\"flex: 1 1 100%; margin-bottom: 5px;\">\n\t\t<p>Submit your CV here:<br \/>\n<span class=\"wpcf7-form-control-wrap\" data-name=\"file-189\"><input size=\"40\" class=\"wpcf7-form-control wpcf7-file wpcf7-validates-as-required\" accept=\"audio\/*,video\/*,image\/*\" aria-required=\"true\" aria-invalid=\"false\" type=\"file\" name=\"file-189\" \/><\/span>\n\t\t<\/p>\n\t<\/div> \n <!-- Motivation -->\n\t<div style=\"flex: 1 1 100%;\">\n\t\t<p><span class=\"wpcf7-form-control-wrap\" data-name=\"motivation\"><textarea cols=\"40\" rows=\"10\" class=\"wpcf7-form-control wpcf7-textarea wpcf7-validates-as-required\" aria-required=\"true\" aria-invalid=\"false\" placeholder=\"Explain your motivations in a few words\" name=\"motivation\"><\/textarea><\/span>\n\t\t<\/p>\n\t<\/div>\n <!-- Bouton Envoyer -->\n\t<div style=\"flex: 1 1 100%; text-align: center;\">\n\t\t<p>To read our policy on the use of your personal data, <a href=\"\/en\/privacy-policy\/\" target=\"_blank\">click here<\/a>.\n\t\t<\/p>\n\t\t<p><input class=\"wpcf7-form-control wpcf7-submit has-spinner\" type=\"submit\" value=\"SUBMIT\" \/>\n\t\t<\/p>\n\t<\/div>\n<\/div><input type='hidden' class='wpcf7-pum' value='{\"closepopup\":false,\"closedelay\":0,\"openpopup\":false,\"openpopup_id\":0}' \/><div class=\"wpcf7-response-output\" aria-hidden=\"true\"><\/div>\n<\/form>\n<\/div>\n<\/div><\/div><\/div><\/div><\/div><\/div><\/div><!-- cell_inner --><\/div><!-- cell --><\/div><!-- port --><\/section>","protected":false},"excerpt":{"rendered":"","protected":false},"author":1,"featured_media":0,"parent":0,"menu_order":0,"comment_status":"closed","ping_status":"closed","template":"","meta":{"footnotes":""},"_links":{"self":[{"href":"https:\/\/gamida.fr\/en\/wp-json\/wp\/v2\/pages\/9475"}],"collection":[{"href":"https:\/\/gamida.fr\/en\/wp-json\/wp\/v2\/pages"}],"about":[{"href":"https:\/\/gamida.fr\/en\/wp-json\/wp\/v2\/types\/page"}],"author":[{"embeddable":true,"href":"https:\/\/gamida.fr\/en\/wp-json\/wp\/v2\/users\/1"}],"replies":[{"embeddable":true,"href":"https:\/\/gamida.fr\/en\/wp-json\/wp\/v2\/comments?post=9475"}],"version-history":[{"count":4,"href":"https:\/\/gamida.fr\/en\/wp-json\/wp\/v2\/pages\/9475\/revisions"}],"predecessor-version":[{"id":9731,"href":"https:\/\/gamida.fr\/en\/wp-json\/wp\/v2\/pages\/9475\/revisions\/9731"}],"wp:attachment":[{"href":"https:\/\/gamida.fr\/en\/wp-json\/wp\/v2\/media?parent=9475"}],"curies":[{"name":"wp","href":"https:\/\/api.w.org\/{rel}","templated":true}]}}