{"id":9677,"date":"2018-09-10T12:48:22","date_gmt":"2018-09-10T10:48:22","guid":{"rendered":"https:\/\/gamida.fr\/?page_id=9677"},"modified":"2025-03-29T18:24:24","modified_gmt":"2025-03-29T17:24:24","slug":"contact","status":"publish","type":"page","link":"https:\/\/gamida.fr\/en\/contact\/","title":{"rendered":"Contact"},"content":{"rendered":"<section data-bb-version=\"4.6.1\" id=\"bt_bb_section69d79c344e1e0\" class=\"bt_bb_section bt_bb_color_scheme_1 bt_bb_layout_boxed_1200 bt_bb_vertical_align_top bt_bb_top_spacing_large bt_bb_bottom_spacing_medium\" style=\"; --section-primary-color:#ffffff; --section-secondary-color:#1d1e21;\" data-bt-override-class=\"{&quot;bt_bb_top_spacing_&quot;:{&quot;current_class&quot;:&quot;bt_bb_top_spacing_large&quot;,&quot;xxl&quot;:&quot;large&quot;},&quot;bt_bb_bottom_spacing_&quot;:{&quot;current_class&quot;:&quot;bt_bb_bottom_spacing_medium&quot;,&quot;xxl&quot;:&quot;medium&quot;}}\"><div class=\"bt_bb_background_image_holder_wrapper\"><div class=\"bt_bb_background_image_holder btLazyLoadBackground bt_bb_parallax\"  data-background_image_src=\"https:\/\/gamida.fr\/wp-content\/uploads\/2024\/03\/histoire-header.jpg\" data-parallax=\"0.6\" data-parallax-offset=\"0\" data-parallax-zoom-start=\"1\" data-parallax-zoom-end=\"1\" data-parallax-blur-start=\"0\" data-parallax-blur-end=\"0\" data-parallax-opacity-start=\"1\" data-parallax-opacity-end=\"1\" style=\" background-image: url(&#039;https:\/\/gamida.fr\/wp-content\/plugins\/bold-page-builder\/img\/blank.gif&#039;);\"><\/div><\/div><div class=\"bt_bb_port\"><div class=\"bt_bb_cell\"><div class=\"bt_bb_cell_inner\"><div class=\"bt_bb_row_wrapper\"><div  class=\"bt_bb_row\"  data-bt-override-class=\"{}\"><div  class=\"bt_bb_column col-xxl-6 col-xl-6 col-xs-12 col-sm-12 col-md-7 col-lg-6 bt_bb_vertical_align_top bt_bb_align_left bt_bb_padding_normal bt_bb_animation_fade_in animate\"  data-width=\"6\" data-bt-override-class=\"{&quot;bt_bb_align_&quot;:{&quot;current_class&quot;:&quot;bt_bb_align_left&quot;,&quot;xxl&quot;:&quot;left&quot;,&quot;xl&quot;:&quot;left&quot;}}\"><div class=\"bt_bb_column_content\"><div class=\"bt_bb_column_content_inner\"><div class=\"bt_bb_separator bt_bb_border_style_none bt_bb_bottom_spacing_medium bt_bb_hidden_xs bt_bb_hidden_ms bt_bb_hidden_sm\" data-bt-override-class=\"null\"><\/div><header data-bb-version=\"4.6.1\" class=\"bt_bb_headline bt_bb_subheadline_text_transform_default bt_bb_dash_none bt_bb_subheadline bt_bb_size_large bt_bb_align_inherit\" data-bt-override-class=\"{&quot;bt_bb_size_&quot;:{&quot;current_class&quot;:&quot;bt_bb_size_large&quot;,&quot;xxl&quot;:&quot;large&quot;},&quot;bt_bb_align_&quot;:{&quot;current_class&quot;:&quot;bt_bb_align_inherit&quot;,&quot;xxl&quot;:&quot;inherit&quot;}}\"><h1 class=\"bt_bb_headline_tag\"><span class=\"bt_bb_headline_content\"><span>Contact<\/span><\/span><\/h1><div class=\"bt_bb_headline_subheadline\">Contact us for any requests, questions or additional information.<\/div><\/header><\/div><\/div><\/div><div  class=\"bt_bb_column col-xxl-6 col-xl-6 col-xs-12 col-sm-12 col-md-5 col-lg-6 bt_bb_vertical_align_top bt_bb_align_left bt_bb_padding_normal\"  data-width=\"6\" data-bt-override-class=\"{}\"><div class=\"bt_bb_column_content\"><div class=\"bt_bb_column_content_inner\"><\/div><\/div><\/div><\/div><\/div><\/div><!-- cell_inner --><\/div><!-- cell --><\/div><!-- port --><\/section><section data-bb-version=\"4.6.1\" id=\"bt_bb_section69d79c344e4f3\" class=\"bt_bb_section bt_bb_color_scheme_8 bt_bb_layout_boxed_1200 bt_bb_vertical_align_top bt_bb_top_spacing_medium bt_bb_bottom_spacing_medium\" style=\"; --section-primary-color:var(--alternate-color); --section-secondary-color:#ffffff;\" data-bt-override-class=\"{&quot;bt_bb_top_spacing_&quot;:{&quot;current_class&quot;:&quot;bt_bb_top_spacing_medium&quot;,&quot;xxl&quot;:&quot;medium&quot;},&quot;bt_bb_bottom_spacing_&quot;:{&quot;current_class&quot;:&quot;bt_bb_bottom_spacing_medium&quot;,&quot;xxl&quot;:&quot;medium&quot;}}\"><div class=\"bt_bb_port\"><div class=\"bt_bb_cell\"><div class=\"bt_bb_cell_inner\"><div class=\"bt_bb_row_wrapper\"><div  class=\"bt_bb_row bt_bb_column_gap_10\"  data-bt-override-class=\"{}\"><div  class=\"bt_bb_column col-xxl-6 col-xl-6 col-xs-12 col-sm-12 col-md-12 col-lg-6 bt_bb_vertical_align_middle bt_bb_align_left bt_bb_padding_normal bt_bb_animation_fade_in animate\"  data-width=\"6\" data-bt-override-class=\"{&quot;bt_bb_align_&quot;:{&quot;current_class&quot;:&quot;bt_bb_align_left&quot;,&quot;xxl&quot;:&quot;left&quot;,&quot;xl&quot;:&quot;left&quot;}}\"><div class=\"bt_bb_column_content\"><div class=\"bt_bb_column_content_inner\"><header data-bb-version=\"4.6.1\" class=\"bt_bb_headline bt_bb_subheadline_text_transform_default bt_bb_dash_none bt_bb_size_large bt_bb_align_inherit\" data-bt-override-class=\"{&quot;bt_bb_size_&quot;:{&quot;current_class&quot;:&quot;bt_bb_size_large&quot;,&quot;xxl&quot;:&quot;large&quot;},&quot;bt_bb_align_&quot;:{&quot;current_class&quot;:&quot;bt_bb_align_inherit&quot;,&quot;xxl&quot;:&quot;inherit&quot;}}\"><h2 class=\"bt_bb_headline_tag\"><span class=\"bt_bb_headline_content\"><span>Information<\/span><\/span><\/h2><\/header><div class=\"bt_bb_separator bt_bb_border_style_none bt_bb_bottom_spacing_50\" data-bt-override-class=\"null\"><\/div><div class=\"bt_bb_row_wrapper\"><div  class=\"bt_bb_row_inner bt_bb_column_inner_gap_0\"  data-bt-override-class=\"{}\"><div  class=\"bt_bb_column_inner col-xxl-4 col-xl-4 col-xs-12 col-sm-12 col-md-4 col-lg-4 bt_bb_align_left bt_bb_vertical_align_top\"  data-width=\"4\" data-bt-override-class=\"{}\"><div class=\"bt_bb_column_inner_content\"><div class=\"bt_bb_icon bt_bb_style_borderless bt_bb_size_large bt_bb_shape_round bt_bb_target_self bt_bb_text_empty bt_bb_align_inherit\" data-bt-override-class=\"{&quot;bt_bb_size_&quot;:{&quot;current_class&quot;:&quot;bt_bb_size_large&quot;,&quot;xxl&quot;:&quot;large&quot;,&quot;xl&quot;:&quot;large&quot;},&quot;bt_bb_align_&quot;:{&quot;current_class&quot;:&quot;bt_bb_align_inherit&quot;,&quot;xxl&quot;:&quot;inherit&quot;,&quot;xl&quot;:&quot;inherit&quot;}}\"><span  data-ico-remixiconsmap=\"&#xe951;\" class=\"bt_bb_icon_holder\"><\/span><\/div><div class=\"bt_bb_separator bt_bb_border_style_none bt_bb_bottom_spacing_extra_small\" data-bt-override-class=\"null\"><\/div><header data-bb-version=\"4.6.1\" class=\"bt_bb_headline bt_bb_subheadline_text_transform_default bt_bb_dash_none bt_bb_size_extrasmall bt_bb_align_inherit\" style=\";font-family:&#039;Inter&#039;\" data-bt-override-class=\"{&quot;bt_bb_size_&quot;:{&quot;current_class&quot;:&quot;bt_bb_size_extrasmall&quot;,&quot;xxl&quot;:&quot;extrasmall&quot;},&quot;bt_bb_align_&quot;:{&quot;current_class&quot;:&quot;bt_bb_align_inherit&quot;,&quot;xxl&quot;:&quot;inherit&quot;}}\"><h6 style=\"font-family:'Inter'\" class=\"bt_bb_headline_tag\"><span class=\"bt_bb_headline_content\"><span>Address<\/span><\/span><\/h6><\/header><div class=\"bt_bb_separator bt_bb_border_style_none bt_bb_bottom_spacing_extra_small\" data-bt-override-class=\"null\"><\/div><div  class=\"bt_bb_text bt_bb_font_size_16\" ><p>31 rue des Alouettes<br \/>\n95600, Eaubonne<br \/>\nFrance<\/p>\n<\/div><div class=\"bt_bb_separator bt_bb_border_style_none bt_bb_bottom_spacing_normal\" data-bt-override-class=\"null\"><\/div><\/div><\/div><div  class=\"bt_bb_column_inner col-xxl-4 col-xl-4 col-xs-12 col-sm-12 col-md-4 col-lg-4 bt_bb_align_left bt_bb_vertical_align_top\"  data-width=\"4\" data-bt-override-class=\"{}\"><div class=\"bt_bb_column_inner_content\"><div class=\"bt_bb_icon bt_bb_style_borderless bt_bb_size_large bt_bb_shape_round bt_bb_target_self bt_bb_text_empty bt_bb_align_inherit\" data-bt-override-class=\"{&quot;bt_bb_size_&quot;:{&quot;current_class&quot;:&quot;bt_bb_size_large&quot;,&quot;xxl&quot;:&quot;large&quot;,&quot;xl&quot;:&quot;large&quot;},&quot;bt_bb_align_&quot;:{&quot;current_class&quot;:&quot;bt_bb_align_inherit&quot;,&quot;xxl&quot;:&quot;inherit&quot;,&quot;xl&quot;:&quot;inherit&quot;}}\"><span  data-ico-remixiconssystem=\"&#xea15;\" class=\"bt_bb_icon_holder\"><\/span><\/div><div class=\"bt_bb_separator bt_bb_border_style_none bt_bb_bottom_spacing_extra_small\" data-bt-override-class=\"null\"><\/div><header data-bb-version=\"4.6.1\" class=\"bt_bb_headline bt_bb_subheadline_text_transform_default bt_bb_dash_none bt_bb_size_extrasmall bt_bb_align_inherit\" style=\";font-family:&#039;Inter&#039;\" data-bt-override-class=\"{&quot;bt_bb_size_&quot;:{&quot;current_class&quot;:&quot;bt_bb_size_extrasmall&quot;,&quot;xxl&quot;:&quot;extrasmall&quot;},&quot;bt_bb_align_&quot;:{&quot;current_class&quot;:&quot;bt_bb_align_inherit&quot;,&quot;xxl&quot;:&quot;inherit&quot;}}\"><h6 style=\"font-family:'Inter'\" class=\"bt_bb_headline_tag\"><span class=\"bt_bb_headline_content\"><span>Opening times<\/span><\/span><\/h6><\/header><div class=\"bt_bb_separator bt_bb_border_style_none bt_bb_bottom_spacing_extra_small\" data-bt-override-class=\"null\"><\/div><div  class=\"bt_bb_text bt_bb_font_size_16\" ><p>Monday to Friday<br \/>\n9.00 am &#8211; 12.30 pm<br \/>\n1.30 pm &#8211; 5.00 pm<\/p>\n<\/div><div class=\"bt_bb_separator bt_bb_border_style_none bt_bb_bottom_spacing_normal\" data-bt-override-class=\"null\"><\/div><\/div><\/div><div  class=\"bt_bb_column_inner col-xxl-4 col-xl-4 col-xs-12 col-sm-12 col-md-4 col-lg-4 bt_bb_align_left bt_bb_vertical_align_top\"  data-width=\"4\" data-bt-override-class=\"{}\"><div class=\"bt_bb_column_inner_content\"><div data-bb-version=\"4.6.1\" class=\"bt_bb_icon bt_bb_style_borderless bt_bb_size_large bt_bb_shape_round bt_bb_target_self bt_bb_text_empty bt_bb_align_inherit\" data-bt-override-class=\"{&quot;bt_bb_size_&quot;:{&quot;current_class&quot;:&quot;bt_bb_size_large&quot;,&quot;xxl&quot;:&quot;large&quot;},&quot;bt_bb_align_&quot;:{&quot;current_class&quot;:&quot;bt_bb_align_inherit&quot;,&quot;xxl&quot;:&quot;inherit&quot;}}\"><span  data-ico-fontawesome5solid=\"&#xe068;\" class=\"bt_bb_icon_holder\"><\/span><\/div><div class=\"bt_bb_separator bt_bb_border_style_none bt_bb_bottom_spacing_extra_small\" data-bt-override-class=\"null\"><\/div><header data-bb-version=\"4.6.1\" class=\"bt_bb_headline bt_bb_subheadline_text_transform_default bt_bb_dash_none bt_bb_size_extrasmall bt_bb_align_inherit\" style=\";font-family:&#039;Inter&#039;\" data-bt-override-class=\"{&quot;bt_bb_size_&quot;:{&quot;current_class&quot;:&quot;bt_bb_size_extrasmall&quot;,&quot;xxl&quot;:&quot;extrasmall&quot;},&quot;bt_bb_align_&quot;:{&quot;current_class&quot;:&quot;bt_bb_align_inherit&quot;,&quot;xxl&quot;:&quot;inherit&quot;}}\"><h6 style=\"font-family:'Inter'\" class=\"bt_bb_headline_tag\"><span class=\"bt_bb_headline_content\"><span>Networks<\/span><\/span><\/h6><\/header><div class=\"bt_bb_separator bt_bb_border_style_none bt_bb_bottom_spacing_extra_small\" data-bt-override-class=\"null\"><\/div><div data-bb-version=\"4.6.1\" class=\"bt_bb_icon bt_bb_color_scheme_12 bt_bb_style_borderless bt_bb_size_tiny bt_bb_shape_round bt_bb_target_self bt_bb_align_inherit bt_bb_text_color_scheme_12 bt_bb_text_size_small\" style=\"; --primary-color:var(--alternate-color); --secondary-color:var(--accent-color);; --text-primary-color:var(--alternate-color); --text-secondary-color:var(--accent-color);\" data-bt-override-class=\"{&quot;bt_bb_size_&quot;:{&quot;current_class&quot;:&quot;bt_bb_size_tiny&quot;,&quot;xxl&quot;:&quot;tiny&quot;},&quot;bt_bb_align_&quot;:{&quot;current_class&quot;:&quot;bt_bb_align_inherit&quot;,&quot;xxl&quot;:&quot;inherit&quot;}}\"><a href=\"https:\/\/fr.linkedin.com\/company\/gamida\" target=\"_self\" title=\"LinkedIn\" data-ico-fontawesome=\"&#xf08c;\" class=\"bt_bb_icon_holder\" rel=\"noopener\"><span>LinkedIn<\/span><\/a><\/div><div class=\"bt_bb_separator bt_bb_border_style_none bt_bb_bottom_spacing_extra_small\" data-bt-override-class=\"null\"><\/div><div data-bb-version=\"4.6.1\" class=\"bt_bb_icon bt_bb_color_scheme_12 bt_bb_style_borderless bt_bb_size_tiny bt_bb_shape_round bt_bb_target_self bt_bb_align_inherit bt_bb_text_color_scheme_12 bt_bb_text_size_small\" style=\"; --primary-color:var(--alternate-color); --secondary-color:var(--accent-color);; --text-primary-color:var(--alternate-color); --text-secondary-color:var(--accent-color);\" data-bt-override-class=\"{&quot;bt_bb_size_&quot;:{&quot;current_class&quot;:&quot;bt_bb_size_tiny&quot;,&quot;xxl&quot;:&quot;tiny&quot;},&quot;bt_bb_align_&quot;:{&quot;current_class&quot;:&quot;bt_bb_align_inherit&quot;,&quot;xxl&quot;:&quot;inherit&quot;}}\"><a href=\"https:\/\/www.youtube.com\/c\/gamida\" target=\"_self\" title=\"YouTube\" data-ico-fontawesome=\"&#xf16a;\" class=\"bt_bb_icon_holder\" rel=\"noopener\"><span>YouTube<\/span><\/a><\/div><div class=\"bt_bb_separator bt_bb_border_style_none bt_bb_bottom_spacing_normal\" data-bt-override-class=\"null\"><\/div><\/div><\/div><\/div><\/div><div class=\"bt_bb_separator bt_bb_border_style_none bt_bb_bottom_spacing_small\" data-bt-override-class=\"null\"><\/div><div class=\"bt_bb_row_wrapper\"><div  class=\"bt_bb_row_inner\"  data-bt-override-class=\"{}\"><div  class=\"bt_bb_column_inner col-xxl-6 col-xl-6 col-xs-12 col-sm-6 col-md-4 col-lg-6 bt_bb_align_left bt_bb_vertical_align_top bt_bb_padding_normal bt_bb_right_border bt_bb_border_style_gray bt_bb_border_position_inner\"  data-width=\"6\" data-bt-override-class=\"{&quot;bt_bb_align_&quot;:{&quot;current_class&quot;:&quot;bt_bb_align_left&quot;,&quot;xxl&quot;:&quot;left&quot;,&quot;xl&quot;:&quot;left&quot;}}\"><div class=\"bt_bb_column_inner_content\"><div  class=\"bt_bb_text\" ><p><strong>Telephone<\/strong><\/p>\n<\/div><div class=\"bt_bb_separator bt_bb_border_style_none bt_bb_top_spacing_extra_small\" data-bt-override-class=\"null\"><\/div><div data-bb-version=\"4.6.1\" class=\"bt_bb_icon bt_bb_color_scheme_11 bt_bb_style_borderless bt_bb_size_small bt_bb_shape_circle bt_bb_target_self bt_bb_align_inherit bt_bb_text_color_scheme_12\" style=\"; --primary-color:var(--accent-color); --secondary-color:var(--alternate-color);; --text-primary-color:var(--alternate-color); --text-secondary-color:var(--accent-color);\" data-bt-override-class=\"{&quot;bt_bb_size_&quot;:{&quot;current_class&quot;:&quot;bt_bb_size_small&quot;,&quot;xxl&quot;:&quot;small&quot;},&quot;bt_bb_align_&quot;:{&quot;current_class&quot;:&quot;bt_bb_align_inherit&quot;,&quot;xxl&quot;:&quot;inherit&quot;}}\"><a href=\"https:\/\/gamida.fr\/contact\/\" target=\"_self\" title=\"+33(0)1 39 59 86 00\" data-ico-remixiconsdevice=\"&#xe951;\" class=\"bt_bb_icon_holder\"><span>+33(0)1 39 59 86 00<\/span><\/a><\/div><\/div><\/div><div  class=\"bt_bb_column_inner col-xxl-6 col-xl-6 col-xs-12 col-sm-6 col-md-8 col-lg-6 bt_bb_align_left bt_bb_vertical_align_middle bt_bb_padding_normal\"  data-width=\"6\" data-bt-override-class=\"{&quot;bt_bb_align_&quot;:{&quot;current_class&quot;:&quot;bt_bb_align_left&quot;,&quot;xxl&quot;:&quot;left&quot;,&quot;xl&quot;:&quot;left&quot;}}\"><div class=\"bt_bb_column_inner_content\"><div  class=\"bt_bb_text\" ><p><strong>Email<\/strong><\/p>\n<\/div><div class=\"bt_bb_separator bt_bb_border_style_none bt_bb_top_spacing_extra_small\" data-bt-override-class=\"null\"><\/div><div data-bb-version=\"4.6.1\" class=\"bt_bb_icon bt_bb_color_scheme_11 bt_bb_style_borderless bt_bb_size_small bt_bb_shape_circle bt_bb_target_self bt_bb_align_inherit bt_bb_text_color_scheme_12\" style=\"; --primary-color:var(--accent-color); --secondary-color:var(--alternate-color);; --text-primary-color:var(--alternate-color); --text-secondary-color:var(--accent-color);\" data-bt-override-class=\"{&quot;bt_bb_size_&quot;:{&quot;current_class&quot;:&quot;bt_bb_size_small&quot;,&quot;xxl&quot;:&quot;small&quot;},&quot;bt_bb_align_&quot;:{&quot;current_class&quot;:&quot;bt_bb_align_inherit&quot;,&quot;xxl&quot;:&quot;inherit&quot;}}\"><a href=\"https:\/\/gamida.fr\/contact\/\" target=\"_self\" title=\"contact@gamida.fr\" data-ico-icon7stroke=\"&#xe639;\" class=\"bt_bb_icon_holder\"><span>contact@gamida.fr<\/span><\/a><\/div><div class=\"bt_bb_separator bt_bb_border_style_none bt_bb_bottom_spacing_normal bt_bb_hidden_sm bt_bb_hidden_md bt_bb_hidden_lg\" data-bt-override-class=\"null\"><\/div><\/div><\/div><\/div><\/div><div class=\"bt_bb_separator bt_bb_border_style_none bt_bb_bottom_spacing_normal\" data-bt-override-class=\"null\"><\/div><\/div><\/div><\/div><div  class=\"bt_bb_column col-xxl-6 col-xl-6 col-xs-12 col-sm-12 col-md-12 col-lg-6 bt_bb_vertical_align_top bt_bb_align_left bt_bb_padding_50 bt_bb_animation_fade_in animate bt_bb_blur_show bt_bb_blur_position_inner bt_bb_shape_soft-rounded bt_bb_top_left_shape bt_bb_top_right_shape bt_bb_bottom_left_shape bt_bb_bottom_right_shape bt_bb_shape_position_inner\"  data-width=\"6\" data-bt-override-class=\"{&quot;bt_bb_align_&quot;:{&quot;current_class&quot;:&quot;bt_bb_align_left&quot;,&quot;xxl&quot;:&quot;left&quot;,&quot;xl&quot;:&quot;left&quot;}}\"><div class=\"bt_bb_column_content\" style=\"background-color:rgba(242,242,242,0.8);\"><div class=\"bt_bb_column_content_inner\"><div class=\"bt_bb_separator bt_bb_border_style_none bt_bb_bottom_spacing_45\" data-bt-override-class=\"null\"><\/div><header data-bb-version=\"4.6.1\" class=\"bt_bb_headline bt_bb_subheadline_text_transform_default bt_bb_dash_none bt_bb_subheadline bt_bb_size_medium bt_bb_align_inherit\" data-bt-override-class=\"{&quot;bt_bb_size_&quot;:{&quot;current_class&quot;:&quot;bt_bb_size_medium&quot;,&quot;xxl&quot;:&quot;medium&quot;},&quot;bt_bb_align_&quot;:{&quot;current_class&quot;:&quot;bt_bb_align_inherit&quot;,&quot;xxl&quot;:&quot;inherit&quot;}}\"><h3 class=\"bt_bb_headline_tag\"><span class=\"bt_bb_headline_content\"><span>Send us a message<\/span><\/span><\/h3><div class=\"bt_bb_headline_subheadline\">Mandatory fields marked with an asterisk (*)<\/div><\/header><div class=\"bt_bb_separator bt_bb_border_style_none bt_bb_bottom_spacing_normal\" data-bt-override-class=\"null\"><\/div><div data-bb-version=\"4.6.1\" class=\"bt_bb_contact_form_7 bt_bb_input_fields_style_light_filled bt_bb_button_width_full\">\n<div class=\"wpcf7 no-js\" id=\"wpcf7-f9704-o1\" lang=\"en-US\" dir=\"ltr\">\n<div class=\"screen-reader-response\"><p role=\"status\" aria-live=\"polite\" aria-atomic=\"true\"><\/p> <ul><\/ul><\/div>\n<form action=\"\/en\/wp-json\/wp\/v2\/pages\/9677#wpcf7-f9704-o1\" method=\"post\" class=\"wpcf7-form init\" aria-label=\"Contact form\" novalidate=\"novalidate\" data-status=\"init\">\n<div style=\"display: none;\">\n<input type=\"hidden\" name=\"_wpcf7\" value=\"9704\" \/>\n<input type=\"hidden\" name=\"_wpcf7_version\" value=\"5.8.1\" \/>\n<input type=\"hidden\" name=\"_wpcf7_locale\" value=\"en_US\" \/>\n<input type=\"hidden\" name=\"_wpcf7_unit_tag\" value=\"wpcf7-f9704-o1\" \/>\n<input type=\"hidden\" name=\"_wpcf7_container_post\" value=\"0\" \/>\n<input type=\"hidden\" name=\"_wpcf7_posted_data_hash\" value=\"\" \/>\n<input type=\"hidden\" name=\"_wpcf7_recaptcha_response\" value=\"\" \/>\n<\/div>\n<style>\n ::placeholder { \/* Chrome, Firefox, Opera, Safari 10.1+ *\/\n color: #939598 !important;\n opacity: 1; \/* Firefox *\/\n }\n\n :-ms-input-placeholder { \/* Internet Explorer 10-11 *\/\n color: #939598 !important;\n }\n\n ::-ms-input-placeholder { \/* Microsoft Edge *\/\n color: #939598 !important;\n }\n<\/style>\n\n<!-- Formulaire Contact Form 7 avec \u00e9tiquettes \u00e0 l'int\u00e9rieur des champs -->\n<div style=\"display:flex; flex-wrap: wrap; justify-content: space-between; align-items: flex-end;\">\n <!-- Nom et Pr\u00e9nom -->\n\t<div style=\"flex: 1 1 45%; margin-right: 10%; margin-bottom: 5px;\">\n\t\t<p><span class=\"wpcf7-form-control-wrap\" data-name=\"nom\"><input size=\"40\" class=\"wpcf7-form-control wpcf7-text wpcf7-validates-as-required\" aria-required=\"true\" aria-invalid=\"false\" placeholder=\"Full name*\" value=\"\" type=\"text\" name=\"nom\" \/><\/span>\n\t\t<\/p>\n\t<\/div>\n <!-- Num\u00e9ro de t\u00e9l\u00e9phone -->\n\t<div style=\"flex: 1 1 45%; margin-bottom: 5px;\">\n\t\t<p><span class=\"wpcf7-form-control-wrap\" data-name=\"telephone\"><input size=\"40\" class=\"wpcf7-form-control wpcf7-text\" aria-invalid=\"false\" placeholder=\"Phone number\" value=\"\" type=\"text\" name=\"telephone\" \/><\/span>\n\t\t<\/p>\n\t<\/div>\n <!-- Fonction -->\n\t<div style=\"flex: 1 1 45%; margin-right: 10%; margin-bottom: 5px;\">\n\t\t<p><span class=\"wpcf7-form-control-wrap\" data-name=\"fonction\"><input size=\"40\" class=\"wpcf7-form-control wpcf7-text wpcf7-validates-as-required\" aria-required=\"true\" aria-invalid=\"false\" placeholder=\"Position*\" value=\"\" type=\"text\" name=\"fonction\" \/><\/span>\n\t\t<\/p>\n\t<\/div>\n <!-- Mail -->\n\t<div style=\"flex: 1 1 45%; margin-bottom: 5px;\">\n\t\t<p><span class=\"wpcf7-form-control-wrap\" data-name=\"mail\"><input size=\"40\" class=\"wpcf7-form-control wpcf7-email wpcf7-validates-as-required wpcf7-text wpcf7-validates-as-email\" aria-required=\"true\" aria-invalid=\"false\" placeholder=\"Email*\" value=\"\" type=\"email\" name=\"mail\" \/><\/span>\n\t\t<\/p>\n\t<\/div>\n <!-- \u00c9tablissement -->\n\t<div style=\"flex: 1 1 45%; margin-right: 10%; margin-bottom: 5px;\">\n\t\t<p><span class=\"wpcf7-form-control-wrap\" data-name=\"etablissement\"><input size=\"40\" class=\"wpcf7-form-control wpcf7-text wpcf7-validates-as-required\" aria-required=\"true\" aria-invalid=\"false\" placeholder=\"Institution*\" value=\"\" type=\"text\" name=\"etablissement\" \/><\/span>\n\t\t<\/p>\n\t<\/div>\n <!-- Ville -->\n\t<div style=\"flex: 1 1 45%; margin-bottom: 5px;\">\n\t\t<p><span class=\"wpcf7-form-control-wrap\" data-name=\"ville\"><input size=\"40\" class=\"wpcf7-form-control wpcf7-text\" aria-invalid=\"false\" placeholder=\"City\" value=\"\" type=\"text\" name=\"ville\" \/><\/span>\n\t\t<\/p>\n\t<\/div>\n <!-- Ma demande -->\n\t<div style=\"flex: 1 1 100%;\">\n\t\t<p><span class=\"wpcf7-form-control-wrap\" data-name=\"demande\"><textarea cols=\"40\" rows=\"10\" class=\"wpcf7-form-control wpcf7-textarea wpcf7-validates-as-required\" aria-required=\"true\" aria-invalid=\"false\" placeholder=\"My request\" name=\"demande\"><\/textarea><\/span>\n\t\t<\/p>\n\t<\/div>\n <!-- Case \u00e0 cocher obligatoire -->\n\t<div style=\"flex: 1 1 100%; margin-top: 10px;\">\n\t\t<p><span class=\"wpcf7-form-control-wrap\" data-name=\"checkbox-rgpd\"><span class=\"wpcf7-form-control wpcf7-checkbox wpcf7-validates-as-required\"><span class=\"wpcf7-list-item first last\"><label><input type=\"checkbox\" name=\"checkbox-rgpd[]\" value=\"I agree that my personal data may be used to process my request.\" \/><span class=\"wpcf7-list-item-label\">I agree that my personal data may be used to process my request.<\/span><\/label><\/span><\/span><\/span>\n\t\t<\/p>\n\t\t<p>For more information, see our <a href=\"\/en\/privacy-policy\/\" target=\"_blank\">privacy policy<\/a>.\n\t\t<\/p>\n\t<\/div>\n <!-- Bouton Envoyer -->\n\t<div style=\"flex: 1 1 100%; text-align: center; margin-top: 10px;\">\n\t\t<p><input class=\"wpcf7-form-control wpcf7-submit has-spinner\" type=\"submit\" value=\"SUBMIT\" \/>\n\t\t<\/p>\n\t<\/div>\n<\/div><input type='hidden' class='wpcf7-pum' value='{\"closepopup\":false,\"closedelay\":0,\"openpopup\":false,\"openpopup_id\":0}' \/><div class=\"wpcf7-response-output\" aria-hidden=\"true\"><\/div>\n<\/form>\n<\/div>\n<\/div><\/div><\/div><\/div><\/div><\/div><\/div><!-- cell_inner --><\/div><!-- cell --><\/div><!-- port --><\/section>","protected":false},"excerpt":{"rendered":"","protected":false},"author":1,"featured_media":0,"parent":0,"menu_order":0,"comment_status":"closed","ping_status":"closed","template":"","meta":{"footnotes":""},"_links":{"self":[{"href":"https:\/\/gamida.fr\/en\/wp-json\/wp\/v2\/pages\/9677"}],"collection":[{"href":"https:\/\/gamida.fr\/en\/wp-json\/wp\/v2\/pages"}],"about":[{"href":"https:\/\/gamida.fr\/en\/wp-json\/wp\/v2\/types\/page"}],"author":[{"embeddable":true,"href":"https:\/\/gamida.fr\/en\/wp-json\/wp\/v2\/users\/1"}],"replies":[{"embeddable":true,"href":"https:\/\/gamida.fr\/en\/wp-json\/wp\/v2\/comments?post=9677"}],"version-history":[{"count":4,"href":"https:\/\/gamida.fr\/en\/wp-json\/wp\/v2\/pages\/9677\/revisions"}],"predecessor-version":[{"id":9713,"href":"https:\/\/gamida.fr\/en\/wp-json\/wp\/v2\/pages\/9677\/revisions\/9713"}],"wp:attachment":[{"href":"https:\/\/gamida.fr\/en\/wp-json\/wp\/v2\/media?parent=9677"}],"curies":[{"name":"wp","href":"https:\/\/api.w.org\/{rel}","templated":true}]}}