{"id":8802,"date":"2025-03-18T08:32:30","date_gmt":"2025-03-18T07:32:30","guid":{"rendered":"https:\/\/gamida.fr\/?post_type=product&#038;p=8802"},"modified":"2025-04-16T16:22:06","modified_gmt":"2025-04-16T14:22:06","slug":"sonotap-ii-needle","status":"publish","type":"product","link":"https:\/\/gamida.fr\/en\/ref\/sonotap-ii-needle\/","title":{"rendered":"SONOTAP\u00ae II NEEDLE"},"content":{"rendered":"<p><span data-sheets-root=\"1\" data-sheets-value=\"{&quot;1&quot;:2,&quot;2&quot;:&quot;Initialement con\u00e7ue pour les blocs de paroi,tels que le TAP Bloc(Transversus Abdominis Plane)),QL(Carr\u00e9 des lombes),ESP(Bloc des \u00e9recteurs),etc. l\u2019aiguille SonoTAP a fait ses preuves pour la r\u00e9alisation de tous les blocs p\u00e9rinerveux \u00e9choguid\u00e9s. r\\nAvec l\u2019aiguille hyper\u00e9chog\u00e8ne SonoTAP\u00ae II,PAJUNK\u00ae a mis au point une aiguille hyper\u00e9chog\u00e8ne,qui poss\u00e8de des r\u00e9flecteurs brevet\u00e9s Cornerstone(comme la SonoPlex II)pour une meilleure \u00e9chog\u00e9nicit\u00e9,quel que soit l\u2019angle de ponction.r\\n&quot;}\" data-sheets-userformat=\"{&quot;2&quot;:15233,&quot;3&quot;:{&quot;1&quot;:0},&quot;10&quot;:1,&quot;11&quot;:0,&quot;12&quot;:0,&quot;14&quot;:{&quot;1&quot;:2,&quot;2&quot;:4408131},&quot;15&quot;:&quot;Google Sans&quot;,&quot;16&quot;:10}\">Initially designed for plane blocks, such as the TAP Block (Transversus Abdominis Plane Block), QL (Quadratus Lumborum block), ESP (Erector Spinae Plane block), etc., the SonoTAP needle has proved its worth for all ultrasound-guided peripheral nerve blocks.<\/span><\/p>\n<p><span data-sheets-root=\"1\" data-sheets-value=\"{&quot;1&quot;:2,&quot;2&quot;:&quot;Initialement con\u00e7ue pour les blocs de paroi,tels que le TAP Bloc(Transversus Abdominis Plane)),QL(Carr\u00e9 des lombes),ESP(Bloc des \u00e9recteurs),etc. l\u2019aiguille SonoTAP a fait ses preuves pour la r\u00e9alisation de tous les blocs p\u00e9rinerveux \u00e9choguid\u00e9s. r\\nAvec l\u2019aiguille hyper\u00e9chog\u00e8ne SonoTAP\u00ae II,PAJUNK\u00ae a mis au point une aiguille hyper\u00e9chog\u00e8ne,qui poss\u00e8de des r\u00e9flecteurs brevet\u00e9s Cornerstone(comme la SonoPlex II)pour une meilleure \u00e9chog\u00e9nicit\u00e9,quel que soit l\u2019angle de ponction.r\\n&quot;}\" data-sheets-userformat=\"{&quot;2&quot;:15233,&quot;3&quot;:{&quot;1&quot;:0},&quot;10&quot;:1,&quot;11&quot;:0,&quot;12&quot;:0,&quot;14&quot;:{&quot;1&quot;:2,&quot;2&quot;:4408131},&quot;15&quot;:&quot;Google Sans&quot;,&quot;16&quot;:10}\"><br \/>\nWith the SonoTAP\u00ae II echogenic needle, PAJUNK\u00ae has developed an echogenic needle with patented Cornerstone reflectors (like the SonoPlex II) for improved echogenicity, whatever the puncture angle.<br \/>\n<\/span><\/p>\n","protected":false},"excerpt":{"rendered":"<p><strong><span style=\"color: #2364b0;\">Single-shot echogenic needle without neurostimulation for peripheral nerve blocks<\/span><\/strong><\/p>\n<p>&nbsp;<\/p>\n<p><cite>The standard needle for single-shot plexus blocks<\/cite><\/p>\n","protected":false},"featured_media":8860,"template":"","meta":[],"product_cat":[],"product_tag":[],"_links":{"self":[{"href":"https:\/\/gamida.fr\/en\/wp-json\/wp\/v2\/product\/8802"}],"collection":[{"href":"https:\/\/gamida.fr\/en\/wp-json\/wp\/v2\/product"}],"about":[{"href":"https:\/\/gamida.fr\/en\/wp-json\/wp\/v2\/types\/product"}],"wp:featuredmedia":[{"embeddable":true,"href":"https:\/\/gamida.fr\/en\/wp-json\/wp\/v2\/media\/8860"}],"wp:attachment":[{"href":"https:\/\/gamida.fr\/en\/wp-json\/wp\/v2\/media?parent=8802"}],"wp:term":[{"taxonomy":"product_cat","embeddable":true,"href":"https:\/\/gamida.fr\/en\/wp-json\/wp\/v2\/product_cat?post=8802"},{"taxonomy":"product_tag","embeddable":true,"href":"https:\/\/gamida.fr\/en\/wp-json\/wp\/v2\/product_tag?post=8802"}],"curies":[{"name":"wp","href":"https:\/\/api.w.org\/{rel}","templated":true}]}}