{"id":8803,"date":"2025-03-18T08:32:11","date_gmt":"2025-03-18T07:32:11","guid":{"rendered":"https:\/\/gamida.fr\/?post_type=product&#038;p=8803"},"modified":"2025-04-16T17:09:34","modified_gmt":"2025-04-16T15:09:34","slug":"sonoeye-needle","status":"publish","type":"product","link":"https:\/\/gamida.fr\/en\/ref\/sonoeye-needle\/","title":{"rendered":"SONOEYE NEEDLE"},"content":{"rendered":"<p><span data-sheets-root=\"1\" data-sheets-value=\"{&quot;1&quot;:2,&quot;2&quot;:&quot;Les blocs ophtalmiques assurent une excellente anesth\u00e9sie loco-r\u00e9gionale avec un taux de r\u00e9ussite important pour la chirurgie ophtalmologique. L\u2019aiguille SonoEye combine le biseau Atkinson avec la technologie des r\u00e9flecteurs Cornerstone de PAJUNK\u00ae pour une visibilit\u00e9 optimale sous \u00e9chographie.&quot;}\" data-sheets-userformat=\"{&quot;2&quot;:14977,&quot;3&quot;:{&quot;1&quot;:0},&quot;10&quot;:1,&quot;12&quot;:0,&quot;14&quot;:{&quot;1&quot;:2,&quot;2&quot;:4408131},&quot;15&quot;:&quot;Google Sans&quot;,&quot;16&quot;:10}\">Ophthalmic blocks provide excellent loco-regional anaesthesia with a high success rate for ophthalmic surgery. The SonoEye needle combines the Atkinson bevel with PAJUNK\u00ae Cornerstone reflector technology for optimum visibility under ultrasound.<\/span><\/p>\n","protected":false},"excerpt":{"rendered":"<p><strong><span style=\"color: #2364b0;\">Echogenic needle for ultrasound-guided eye blocks<\/span><\/strong><\/p>\n","protected":false},"featured_media":8872,"template":"","meta":[],"product_cat":[],"product_tag":[],"_links":{"self":[{"href":"https:\/\/gamida.fr\/en\/wp-json\/wp\/v2\/product\/8803"}],"collection":[{"href":"https:\/\/gamida.fr\/en\/wp-json\/wp\/v2\/product"}],"about":[{"href":"https:\/\/gamida.fr\/en\/wp-json\/wp\/v2\/types\/product"}],"wp:featuredmedia":[{"embeddable":true,"href":"https:\/\/gamida.fr\/en\/wp-json\/wp\/v2\/media\/8872"}],"wp:attachment":[{"href":"https:\/\/gamida.fr\/en\/wp-json\/wp\/v2\/media?parent=8803"}],"wp:term":[{"taxonomy":"product_cat","embeddable":true,"href":"https:\/\/gamida.fr\/en\/wp-json\/wp\/v2\/product_cat?post=8803"},{"taxonomy":"product_tag","embeddable":true,"href":"https:\/\/gamida.fr\/en\/wp-json\/wp\/v2\/product_tag?post=8803"}],"curies":[{"name":"wp","href":"https:\/\/api.w.org\/{rel}","templated":true}]}}