{"id":8820,"date":"2025-03-18T08:32:13","date_gmt":"2025-03-18T07:32:13","guid":{"rendered":"https:\/\/gamida.fr\/?post_type=product&#038;p=8820"},"modified":"2025-04-16T16:47:57","modified_gmt":"2025-04-16T14:47:57","slug":"esa-609","status":"publish","type":"product","link":"https:\/\/gamida.fr\/en\/ref\/esa-609\/","title":{"rendered":"ESA 609"},"content":{"rendered":"<p><span data-sheets-root=\"1\" data-sheets-value=\"{&quot;1&quot;:2,&quot;2&quot;:&quot;Le testeur et analyseur de s\u00e9curit\u00e9 \u00e9lectrique ESA609 de Fluke Biom\u00e9dical est un appareil portable,robuste et facile \u00e0 utiliser,con\u00e7u pour la maintenance pr\u00e9ventive. L'ESA609 int\u00e8gre toutes les fonctions n\u00e9cessaires \u00e0 l'\u00e9valuation des appareils m\u00e9dicaux lorsqu'il n\u2019y a pas de partie appliqu\u00e9e au patient. Con\u00e7u pour les techniciens itin\u00e9rants,l'ESA609 ne n\u00e9cessite aucune formation pr\u00e9alable,poss\u00e8de un bo\u00eetier caoutchout\u00e9 qui lui permet de supporter les contraintes du transport et aide \u00e0 pr\u00e9venir les dommages en cas de chute accidentelle.&quot;}\" data-sheets-userformat=\"{&quot;2&quot;:15297,&quot;3&quot;:{&quot;1&quot;:0},&quot;9&quot;:0,&quot;10&quot;:1,&quot;11&quot;:3,&quot;12&quot;:0,&quot;14&quot;:{&quot;1&quot;:2,&quot;2&quot;:4408131},&quot;15&quot;:&quot;Google Sans&quot;,&quot;16&quot;:10}\">The Fluke Biomedical ESA609 Electrical Safety Tester and Analyser is a portable, robust and easy-to-use device designed for preventive maintenance. The ESA609 integrates all the functions needed to evaluate medical devices when there is no part applied to the patient. Designed for technicians on the move, the ESA609 requires no prior training, has a rubberised casing to withstand the stresses of transport and helps prevent damage in the event of an accidental drop.<\/span><\/p>\n","protected":false},"excerpt":{"rendered":"<p><strong><span style=\"color: #2364b0;\"><span data-sheets-root=\"1\" data-sheets-value=\"{&quot;1&quot;:2,&quot;2&quot;:&quot;Con\u00e7u pour les techniciens itin\u00e9rants&quot;}\" data-sheets-userformat=\"{&quot;2&quot;:15297,&quot;3&quot;:{&quot;1&quot;:0},&quot;9&quot;:0,&quot;10&quot;:1,&quot;11&quot;:3,&quot;12&quot;:0,&quot;14&quot;:{&quot;1&quot;:2,&quot;2&quot;:4408131},&quot;15&quot;:&quot;Google Sans&quot;,&quot;16&quot;:10}\">Designed for mobile technicians<\/span><\/span><\/strong><\/p>\n<p>&nbsp;<\/p>\n<p><cite>Take your tester on the move with ease <\/cite><\/p>\n","protected":false},"featured_media":9003,"template":"","meta":[],"product_cat":[],"product_tag":[],"_links":{"self":[{"href":"https:\/\/gamida.fr\/en\/wp-json\/wp\/v2\/product\/8820"}],"collection":[{"href":"https:\/\/gamida.fr\/en\/wp-json\/wp\/v2\/product"}],"about":[{"href":"https:\/\/gamida.fr\/en\/wp-json\/wp\/v2\/types\/product"}],"wp:featuredmedia":[{"embeddable":true,"href":"https:\/\/gamida.fr\/en\/wp-json\/wp\/v2\/media\/9003"}],"wp:attachment":[{"href":"https:\/\/gamida.fr\/en\/wp-json\/wp\/v2\/media?parent=8820"}],"wp:term":[{"taxonomy":"product_cat","embeddable":true,"href":"https:\/\/gamida.fr\/en\/wp-json\/wp\/v2\/product_cat?post=8820"},{"taxonomy":"product_tag","embeddable":true,"href":"https:\/\/gamida.fr\/en\/wp-json\/wp\/v2\/product_tag?post=8820"}],"curies":[{"name":"wp","href":"https:\/\/api.w.org\/{rel}","templated":true}]}}