{"id":8821,"date":"2025-03-18T08:32:12","date_gmt":"2025-03-18T07:32:12","guid":{"rendered":"https:\/\/gamida.fr\/?post_type=product&#038;p=8821"},"modified":"2025-04-16T16:49:16","modified_gmt":"2025-04-16T14:49:16","slug":"esa-615","status":"publish","type":"product","link":"https:\/\/gamida.fr\/en\/ref\/esa-615\/","title":{"rendered":"ESA 615"},"content":{"rendered":"<p><span data-sheets-root=\"1\" data-sheets-value=\"{&quot;1&quot;:2,&quot;2&quot;:&quot;Le testeur de s\u00e9curit\u00e9 \u00e9lectrique ESA615 apporte aux professionnels de la sant\u00e9 des tests automatis\u00e9s et rapides sous la forme d'un analyseur portable. Qu'il s'agisse d'un simple test ou d'une analyse compl\u00e8te,l'ESA615 peut tout faire.&quot;}\" data-sheets-userformat=\"{&quot;2&quot;:15297,&quot;3&quot;:{&quot;1&quot;:0},&quot;9&quot;:0,&quot;10&quot;:1,&quot;11&quot;:3,&quot;12&quot;:0,&quot;14&quot;:{&quot;1&quot;:2,&quot;2&quot;:4408131},&quot;15&quot;:&quot;Google Sans&quot;,&quot;16&quot;:10}\">The ESA615 electrical safety tester provides healthcare professionals with rapid, automated testing in the form of a portable analyser. Whether it&#8217;s a simple test or a full analysis, the ESA615 can do it all.<\/span><\/p>\n","protected":false},"excerpt":{"rendered":"<p><strong><span style=\"color: #2364b0;\"><span data-sheets-root=\"1\" data-sheets-value=\"{&quot;1&quot;:2,&quot;2&quot;:&quot;Une solution tout-en-un avec un analyseur de s\u00e9curit\u00e9 et un simulateur ECG en un seul instrument&quot;}\" data-sheets-userformat=\"{&quot;2&quot;:15297,&quot;3&quot;:{&quot;1&quot;:0},&quot;9&quot;:0,&quot;10&quot;:1,&quot;11&quot;:3,&quot;12&quot;:0,&quot;14&quot;:{&quot;1&quot;:2,&quot;2&quot;:4408131},&quot;15&quot;:&quot;Google Sans&quot;,&quot;16&quot;:10}\">An all-in-one solution with a safety analyser and ECG simulator in a single instrument<\/span><\/span><\/strong><\/p>\n<p>&nbsp;<\/p>\n<p><cite>Test any standard in minutes with the ESA615 <\/cite><\/p>\n","protected":false},"featured_media":9013,"template":"","meta":[],"product_cat":[],"product_tag":[],"_links":{"self":[{"href":"https:\/\/gamida.fr\/en\/wp-json\/wp\/v2\/product\/8821"}],"collection":[{"href":"https:\/\/gamida.fr\/en\/wp-json\/wp\/v2\/product"}],"about":[{"href":"https:\/\/gamida.fr\/en\/wp-json\/wp\/v2\/types\/product"}],"wp:featuredmedia":[{"embeddable":true,"href":"https:\/\/gamida.fr\/en\/wp-json\/wp\/v2\/media\/9013"}],"wp:attachment":[{"href":"https:\/\/gamida.fr\/en\/wp-json\/wp\/v2\/media?parent=8821"}],"wp:term":[{"taxonomy":"product_cat","embeddable":true,"href":"https:\/\/gamida.fr\/en\/wp-json\/wp\/v2\/product_cat?post=8821"},{"taxonomy":"product_tag","embeddable":true,"href":"https:\/\/gamida.fr\/en\/wp-json\/wp\/v2\/product_tag?post=8821"}],"curies":[{"name":"wp","href":"https:\/\/api.w.org\/{rel}","templated":true}]}}