{"id":8822,"date":"2025-03-18T08:32:12","date_gmt":"2025-03-18T07:32:12","guid":{"rendered":"https:\/\/gamida.fr\/?post_type=product&#038;p=8822"},"modified":"2025-04-16T16:50:21","modified_gmt":"2025-04-16T14:50:21","slug":"esa-612","status":"publish","type":"product","link":"https:\/\/gamida.fr\/en\/ref\/esa-612\/","title":{"rendered":"ESA 612"},"content":{"rendered":"<p><span data-sheets-root=\"1\" data-sheets-value=\"{&quot;1&quot;:2,&quot;2&quot;:&quot;L'analyseur de s\u00e9curit\u00e9 \u00e9lectrique ESA612 pour les dispositifs m\u00e9dicaux combine la puissance d'un simulateur ECG et d'un testeur de s\u00e9curit\u00e9 \u00e9lectrique dans un seul appareil portable robuste. Il comprend deux s\u00e9lections de charges de test de s\u00e9curit\u00e9 \u00e9lectrique pour une utilisation globale et est compatible avec le logiciel Ansur.&quot;}\" data-sheets-userformat=\"{&quot;2&quot;:15297,&quot;3&quot;:{&quot;1&quot;:0},&quot;9&quot;:0,&quot;10&quot;:1,&quot;11&quot;:3,&quot;12&quot;:0,&quot;14&quot;:{&quot;1&quot;:2,&quot;2&quot;:4408131},&quot;15&quot;:&quot;Google Sans&quot;,&quot;16&quot;:10}\">The ESA612 electrical safety analyser for medical devices combines the power of an ECG simulator and an electrical safety tester in a single, robust handheld unit. It includes two different electrical safety test loads for comprehensive use and is compatible with Ansur software.<\/span><\/p>\n","protected":false},"excerpt":{"rendered":"<p><strong><span style=\"color: #2364b0;\"><span data-sheets-root=\"1\" data-sheets-value=\"{&quot;1&quot;:2,&quot;2&quot;:&quot;Un simulateur ECG et un testeur de s\u00e9curit\u00e9 \u00e9lectrique dans un seul appareil&quot;}\" data-sheets-userformat=\"{&quot;2&quot;:15297,&quot;3&quot;:{&quot;1&quot;:0},&quot;9&quot;:0,&quot;10&quot;:1,&quot;11&quot;:3,&quot;12&quot;:0,&quot;14&quot;:{&quot;1&quot;:2,&quot;2&quot;:4408131},&quot;15&quot;:&quot;Google Sans&quot;,&quot;16&quot;:10}\">ECG simulator and electrical safety tester in one device<\/span><\/span><\/strong><\/p>\n<p>&nbsp;<\/p>\n<p><cite>Perform your tests at the touch of a button <\/cite><\/p>\n","protected":false},"featured_media":9023,"template":"","meta":[],"product_cat":[],"product_tag":[],"_links":{"self":[{"href":"https:\/\/gamida.fr\/en\/wp-json\/wp\/v2\/product\/8822"}],"collection":[{"href":"https:\/\/gamida.fr\/en\/wp-json\/wp\/v2\/product"}],"about":[{"href":"https:\/\/gamida.fr\/en\/wp-json\/wp\/v2\/types\/product"}],"wp:featuredmedia":[{"embeddable":true,"href":"https:\/\/gamida.fr\/en\/wp-json\/wp\/v2\/media\/9023"}],"wp:attachment":[{"href":"https:\/\/gamida.fr\/en\/wp-json\/wp\/v2\/media?parent=8822"}],"wp:term":[{"taxonomy":"product_cat","embeddable":true,"href":"https:\/\/gamida.fr\/en\/wp-json\/wp\/v2\/product_cat?post=8822"},{"taxonomy":"product_tag","embeddable":true,"href":"https:\/\/gamida.fr\/en\/wp-json\/wp\/v2\/product_tag?post=8822"}],"curies":[{"name":"wp","href":"https:\/\/api.w.org\/{rel}","templated":true}]}}