{"id":8823,"date":"2025-03-18T08:32:12","date_gmt":"2025-03-18T07:32:12","guid":{"rendered":"https:\/\/gamida.fr\/?post_type=product&#038;p=8823"},"modified":"2025-04-16T16:53:00","modified_gmt":"2025-04-16T14:53:00","slug":"mfh","status":"publish","type":"product","link":"https:\/\/gamida.fr\/en\/ref\/mfh\/","title":{"rendered":"MFH"},"content":{"rendered":"<p><span data-sheets-root=\"1\" data-sheets-value=\"{&quot;1&quot;:2,&quot;2&quot;:&quot;Commun\u00e9ment appel\u00e9 \u00ab c\u0153ur f\u0153tal m\u00e9canique \u00bb,le M.H.F g\u00e9n\u00e8re un impact simulant les battements du c\u0153ur et s\u2019adapte \u00e0 n\u2019importe quel simulateur ECG. Il permet de tester le contr\u00f4le des capteurs ultrasons de vos cardiotocographes. r\\nr\\n\u2022tSignal ECG 30 \u00e0 240 BPM : la fr\u00e9quence des battements f\u0153taux se r\u00e8gle directement sur le simulateur ECGr\\n\u2022tSensibilit\u00e9 ECG 0.5 mV \u00e0 5 mV : sa plage de sensibilit\u00e9 lui permet de s\u2019adapter \u00e0 tous les simulateurs ECGr\\n\u2022tIndication du rythme : contr\u00f4lez visuellement le rythme des battements gr\u00e2ce au clignotement de la LED.r&quot;}\" data-sheets-userformat=\"{&quot;2&quot;:513,&quot;3&quot;:{&quot;1&quot;:0},&quot;12&quot;:0}\">Commonly known as the &#8220;mechanical foetal heart&#8221;, the MFH generates an impact that simulates the heartbeat and can be adapted to any ECG simulator. It can be used to test the control of the ultrasound sensors on your cardiotocographs.<\/span><\/p>\n<p>\u2022 ECG signal 30 to 240 BPM: the foetal beat frequency can be set directly on the ECG simulator<br \/>\n\u2022 ECG sensitivity 0.5 mV to 5 mV: its sensitivity range means it can be adapted to all ECG simulators<br \/>\n\u2022 Rhythm indication: visually check the beat rhythm using the flashing LED.<\/p>\n","protected":false},"excerpt":{"rendered":"<p><cite>The mechanical heart that adapts to any ECG simulator<\/cite><\/p>\n","protected":false},"featured_media":9031,"template":"","meta":[],"product_cat":[],"product_tag":[],"_links":{"self":[{"href":"https:\/\/gamida.fr\/en\/wp-json\/wp\/v2\/product\/8823"}],"collection":[{"href":"https:\/\/gamida.fr\/en\/wp-json\/wp\/v2\/product"}],"about":[{"href":"https:\/\/gamida.fr\/en\/wp-json\/wp\/v2\/types\/product"}],"wp:featuredmedia":[{"embeddable":true,"href":"https:\/\/gamida.fr\/en\/wp-json\/wp\/v2\/media\/9031"}],"wp:attachment":[{"href":"https:\/\/gamida.fr\/en\/wp-json\/wp\/v2\/media?parent=8823"}],"wp:term":[{"taxonomy":"product_cat","embeddable":true,"href":"https:\/\/gamida.fr\/en\/wp-json\/wp\/v2\/product_cat?post=8823"},{"taxonomy":"product_tag","embeddable":true,"href":"https:\/\/gamida.fr\/en\/wp-json\/wp\/v2\/product_tag?post=8823"}],"curies":[{"name":"wp","href":"https:\/\/api.w.org\/{rel}","templated":true}]}}