{"id":8869,"date":"2025-03-18T08:27:40","date_gmt":"2025-03-18T07:27:40","guid":{"rendered":"https:\/\/gamida.fr\/?post_type=product&#038;p=8869"},"modified":"2025-04-16T18:00:14","modified_gmt":"2025-04-16T16:00:14","slug":"ida-6","status":"publish","type":"product","link":"https:\/\/gamida.fr\/en\/ref\/ida-6\/","title":{"rendered":"IDA 6"},"content":{"rendered":"<p><span data-sheets-root=\"1\" data-sheets-value=\"{&quot;1&quot;:2,&quot;2&quot;:&quot;D\u00e9couvrez l\u2019avenir des tests de pompes \u00e0 perfusion avec notre nouvel analyseur de dispositifs de perfusion IDA-6. Cet appareil de haute technologie offre personnalisation et praticit\u00e9 sans complications. Il s\u2019agit du tout premier appareil de Fluke Biom\u00e9dical \u00e0 \u00eatre compatible avec OneQA. Vous pourrez effectuer des tests automatis\u00e9s,sans votre ordinateur portable,directement \u00e0 partir de l\u2019IDA-6,m\u00eame hors ligne. Une fois connect\u00e9,l\u2019IDA-6 synchronise automatiquement les r\u00e9sultats des tests sur votre PC.r\\nr\\nLa technologie IntelliPumpTM vous offre une v\u00e9ritable facilit\u00e9 d\u2019utilisation. Cette technologie permet aux utilisateurs de faire recirculer l\u2019eau pendant les tests sans qu\u2019il soit n\u00e9cessaire de l\u2019amorcer. Cette caract\u00e9ristique,associ\u00e9e au logiciel d\u2019automatisation et \u00e0 une interface utilisateur intuitive,facilite la r\u00e9alisation de vos tests en quelques minutes.r\\nr\\nSa conception vous permet \u00e9galement de retirer chaque canal individuellement pour la maintenance. Lorsqu\u2019une voie a besoin d\u2019un \u00e9talonnage ou d\u2019un entretien,les autres voies peuvent continuer \u00e0 fonctionner sans interruption. r\\n&quot;}\" data-sheets-userformat=\"{&quot;2&quot;:15297,&quot;3&quot;:{&quot;1&quot;:0},&quot;9&quot;:0,&quot;10&quot;:1,&quot;11&quot;:3,&quot;12&quot;:0,&quot;14&quot;:{&quot;1&quot;:2,&quot;2&quot;:4408131},&quot;15&quot;:&quot;Google Sans&quot;,&quot;16&quot;:10}\">Discover the future of infusion pump testing with our new IDA-6 infusion device analyser. This high-tech device offers customisation and practicality without complication. This is the first Fluke Biomedical instrument to be compatible with OneQA. You can carry out automated tests directly from the IDA-6, even offline, without your laptop. Once connected, the IDA-6 automatically synchronises the test results with your PC.<\/span><\/p>\n<p>IntelliPumpTM technology makes it really easy to use. This technology enables users to recirculate water during tests without the need for priming. This feature, combined with the automation software and intuitive user interface, makes it easy to carry out your tests in just a few minutes.<\/p>\n<p>Its design also means that each channel can be removed individually for maintenance. When one channel needs calibration or maintenance, the other channels can continue to operate without interruption.<\/p>\n","protected":false},"excerpt":{"rendered":"<p><strong><span style=\"color: #2364b0;\">Multi-channel infusion tester<\/span><\/strong><\/p>\n<p>&nbsp;<\/p>\n<p><cite>Revolutionary technology for testing infusion pumps<\/cite><\/p>\n","protected":false},"featured_media":9085,"template":"","meta":[],"product_cat":[],"product_tag":[],"_links":{"self":[{"href":"https:\/\/gamida.fr\/en\/wp-json\/wp\/v2\/product\/8869"}],"collection":[{"href":"https:\/\/gamida.fr\/en\/wp-json\/wp\/v2\/product"}],"about":[{"href":"https:\/\/gamida.fr\/en\/wp-json\/wp\/v2\/types\/product"}],"wp:featuredmedia":[{"embeddable":true,"href":"https:\/\/gamida.fr\/en\/wp-json\/wp\/v2\/media\/9085"}],"wp:attachment":[{"href":"https:\/\/gamida.fr\/en\/wp-json\/wp\/v2\/media?parent=8869"}],"wp:term":[{"taxonomy":"product_cat","embeddable":true,"href":"https:\/\/gamida.fr\/en\/wp-json\/wp\/v2\/product_cat?post=8869"},{"taxonomy":"product_tag","embeddable":true,"href":"https:\/\/gamida.fr\/en\/wp-json\/wp\/v2\/product_tag?post=8869"}],"curies":[{"name":"wp","href":"https:\/\/api.w.org\/{rel}","templated":true}]}}