{"id":8870,"date":"2025-03-18T08:27:40","date_gmt":"2025-03-18T07:27:40","guid":{"rendered":"https:\/\/gamida.fr\/?post_type=product&#038;p=8870"},"modified":"2025-04-16T18:01:25","modified_gmt":"2025-04-16T16:01:25","slug":"ida-1-s","status":"publish","type":"product","link":"https:\/\/gamida.fr\/en\/ref\/ida-1-s\/","title":{"rendered":"IDA-1-S"},"content":{"rendered":"<p><span data-sheets-root=\"1\" data-sheets-value=\"{&quot;1&quot;:2,&quot;2&quot;:&quot;L\u00e9ger et fonctionnant sur batterie,le testeur de perfusion monovoie IDA-1-S est con\u00e7u pour effectuer des tests de maintenance pr\u00e9ventive dans plusieurs endroits. r\\nL\u2019IDA-1-S mesure le d\u00e9bit et le volume d\u00e9livr\u00e9,ainsi que la pression g\u00e9n\u00e9r\u00e9e en cas d\u2019occlusion ou d\u2019obstruction de la ligne de liquide. Facile \u00e0 installer,son utilisation ne n\u00e9cessite que peu ou pas de formation et il peut \u00eatre utilis\u00e9 pour analyser une large vari\u00e9t\u00e9 de pompes \u00e0 perfusion.r&quot;}\" data-sheets-userformat=\"{&quot;2&quot;:15297,&quot;3&quot;:{&quot;1&quot;:0},&quot;9&quot;:0,&quot;10&quot;:1,&quot;11&quot;:3,&quot;12&quot;:0,&quot;14&quot;:{&quot;1&quot;:2,&quot;2&quot;:4408131},&quot;15&quot;:&quot;Google Sans&quot;,&quot;16&quot;:10}\">Lightweight and battery-powered, the IDA-1-S single-channel infusion tester is designed for preventive maintenance testing in multiple locations.<\/span><\/p>\n<p><span data-sheets-root=\"1\" data-sheets-value=\"{&quot;1&quot;:2,&quot;2&quot;:&quot;L\u00e9ger et fonctionnant sur batterie,le testeur de perfusion monovoie IDA-1-S est con\u00e7u pour effectuer des tests de maintenance pr\u00e9ventive dans plusieurs endroits. r\\nL\u2019IDA-1-S mesure le d\u00e9bit et le volume d\u00e9livr\u00e9,ainsi que la pression g\u00e9n\u00e9r\u00e9e en cas d\u2019occlusion ou d\u2019obstruction de la ligne de liquide. Facile \u00e0 installer,son utilisation ne n\u00e9cessite que peu ou pas de formation et il peut \u00eatre utilis\u00e9 pour analyser une large vari\u00e9t\u00e9 de pompes \u00e0 perfusion.r&quot;}\" data-sheets-userformat=\"{&quot;2&quot;:15297,&quot;3&quot;:{&quot;1&quot;:0},&quot;9&quot;:0,&quot;10&quot;:1,&quot;11&quot;:3,&quot;12&quot;:0,&quot;14&quot;:{&quot;1&quot;:2,&quot;2&quot;:4408131},&quot;15&quot;:&quot;Google Sans&quot;,&quot;16&quot;:10}\"><br \/>\nThe IDA-1-S measures the flow rate and volume delivered, as well as the pressure generated in the event of occlusion or obstruction of the fluid line. It is easy to install, requires little or no training to use and can be used to analyse a wide variety of infusion pumps. <\/span><\/p>\n","protected":false},"excerpt":{"rendered":"<p><strong><span style=\"color: #2364b0;\">Single channel infusion tester<\/span><\/strong><\/p>\n<p>&nbsp;<\/p>\n<p><cite>The portable infusion analyser designed for testing on the move<\/cite><\/p>\n","protected":false},"featured_media":9095,"template":"","meta":[],"product_cat":[],"product_tag":[],"_links":{"self":[{"href":"https:\/\/gamida.fr\/en\/wp-json\/wp\/v2\/product\/8870"}],"collection":[{"href":"https:\/\/gamida.fr\/en\/wp-json\/wp\/v2\/product"}],"about":[{"href":"https:\/\/gamida.fr\/en\/wp-json\/wp\/v2\/types\/product"}],"wp:featuredmedia":[{"embeddable":true,"href":"https:\/\/gamida.fr\/en\/wp-json\/wp\/v2\/media\/9095"}],"wp:attachment":[{"href":"https:\/\/gamida.fr\/en\/wp-json\/wp\/v2\/media?parent=8870"}],"wp:term":[{"taxonomy":"product_cat","embeddable":true,"href":"https:\/\/gamida.fr\/en\/wp-json\/wp\/v2\/product_cat?post=8870"},{"taxonomy":"product_tag","embeddable":true,"href":"https:\/\/gamida.fr\/en\/wp-json\/wp\/v2\/product_tag?post=8870"}],"curies":[{"name":"wp","href":"https:\/\/api.w.org\/{rel}","templated":true}]}}