{"id":8871,"date":"2025-03-18T08:27:40","date_gmt":"2025-03-18T07:27:40","guid":{"rendered":"https:\/\/gamida.fr\/?post_type=product&#038;p=8871"},"modified":"2025-04-16T18:02:40","modified_gmt":"2025-04-16T16:02:40","slug":"vt-650","status":"publish","type":"product","link":"https:\/\/gamida.fr\/en\/ref\/vt-650\/","title":{"rendered":"VT 650"},"content":{"rendered":"<p><span data-sheets-root=\"1\" data-sheets-value=\"{&quot;1&quot;:2,&quot;2&quot;:&quot;L'analyseur de d\u00e9bit de gaz VT650 offre une pr\u00e9cision \u00e9lev\u00e9e et une fiabilit\u00e9 accrue pour la mesure du d\u00e9bit de gaz et des \u00e9quipements m\u00e9dicaux respiratoires,tels que les ventilateurs n\u00e9onatals,m\u00e9caniques et \u00e0 haute fr\u00e9quence. Son canal de d\u00e9bit d'air unique et complet,avec une plage de \u00b1300 lpm,permet des mesures int\u00e9gr\u00e9es de l'oxyg\u00e8ne,de la temp\u00e9rature et de l'humidit\u00e9,simplifiant ainsi votre proc\u00e9dure de test. Con\u00e7u et test\u00e9 conform\u00e9ment aux normes d'\u00e9talonnage mondialement reconnues de Molbloc-L,il assure une tra\u00e7abilit\u00e9 aux normes r\u00e9glementaires mondiales.&quot;}\" data-sheets-userformat=\"{&quot;2&quot;:15297,&quot;3&quot;:{&quot;1&quot;:0},&quot;9&quot;:0,&quot;10&quot;:1,&quot;11&quot;:3,&quot;12&quot;:0,&quot;14&quot;:{&quot;1&quot;:2,&quot;2&quot;:4408131},&quot;15&quot;:&quot;Google Sans&quot;,&quot;16&quot;:10}\">The VT650 gas flow analyser offers high accuracy and reliability in measuring gas flow and respiratory medical equipment, such as neonatal ventilators, both mechanical and high-frequency.<\/span><span data-sheets-root=\"1\" data-sheets-value=\"{&quot;1&quot;:2,&quot;2&quot;:&quot;L'analyseur de d\u00e9bit de gaz VT650 offre une pr\u00e9cision \u00e9lev\u00e9e et une fiabilit\u00e9 accrue pour la mesure du d\u00e9bit de gaz et des \u00e9quipements m\u00e9dicaux respiratoires,tels que les ventilateurs n\u00e9onatals,m\u00e9caniques et \u00e0 haute fr\u00e9quence. Son canal de d\u00e9bit d'air unique et complet,avec une plage de \u00b1300 lpm,permet des mesures int\u00e9gr\u00e9es de l'oxyg\u00e8ne,de la temp\u00e9rature et de l'humidit\u00e9,simplifiant ainsi votre proc\u00e9dure de test. Con\u00e7u et test\u00e9 conform\u00e9ment aux normes d'\u00e9talonnage mondialement reconnues de Molbloc-L,il assure une tra\u00e7abilit\u00e9 aux normes r\u00e9glementaires mondiales.&quot;}\" data-sheets-userformat=\"{&quot;2&quot;:15297,&quot;3&quot;:{&quot;1&quot;:0},&quot;9&quot;:0,&quot;10&quot;:1,&quot;11&quot;:3,&quot;12&quot;:0,&quot;14&quot;:{&quot;1&quot;:2,&quot;2&quot;:4408131},&quot;15&quot;:&quot;Google Sans&quot;,&quot;16&quot;:10}\"> Its unique and comprehensive airflow channel, with a range of \u00b1300 lpm, enables integrated oxygen, temperature and humidity measurements, simplifying your test procedure. Designed and tested to Molbloc-L&#8217;s world-renowned calibration standards, it ensures traceability to global regulatory standards.<\/span><\/p>\n","protected":false},"excerpt":{"rendered":"<p><strong><span style=\"color: #2364b0;\">Ventilator tester <\/span><\/strong><\/p>\n<p>&nbsp;<\/p>\n<p><cite><span data-sheets-root=\"1\" data-sheets-value=\"{&quot;1&quot;:2,&quot;2&quot;:&quot;Fiabilit\u00e9 et portabilit\u00e9 pour les tests d\u2019\u00e9quipements m\u00e9dicaux respiratoires,notamment les ventilateurs n\u00e9onatals.&quot;}\" data-sheets-userformat=\"{&quot;2&quot;:15297,&quot;3&quot;:{&quot;1&quot;:0},&quot;9&quot;:0,&quot;10&quot;:1,&quot;11&quot;:3,&quot;12&quot;:0,&quot;14&quot;:{&quot;1&quot;:2,&quot;2&quot;:4408131},&quot;15&quot;:&quot;Google Sans&quot;,&quot;16&quot;:10}\">Reliability and portability for testing respiratory medical equipment, particularly neonatal ventilators.<\/span><\/cite><\/p>\n","protected":false},"featured_media":9107,"template":"","meta":[],"product_cat":[],"product_tag":[],"_links":{"self":[{"href":"https:\/\/gamida.fr\/en\/wp-json\/wp\/v2\/product\/8871"}],"collection":[{"href":"https:\/\/gamida.fr\/en\/wp-json\/wp\/v2\/product"}],"about":[{"href":"https:\/\/gamida.fr\/en\/wp-json\/wp\/v2\/types\/product"}],"wp:featuredmedia":[{"embeddable":true,"href":"https:\/\/gamida.fr\/en\/wp-json\/wp\/v2\/media\/9107"}],"wp:attachment":[{"href":"https:\/\/gamida.fr\/en\/wp-json\/wp\/v2\/media?parent=8871"}],"wp:term":[{"taxonomy":"product_cat","embeddable":true,"href":"https:\/\/gamida.fr\/en\/wp-json\/wp\/v2\/product_cat?post=8871"},{"taxonomy":"product_tag","embeddable":true,"href":"https:\/\/gamida.fr\/en\/wp-json\/wp\/v2\/product_tag?post=8871"}],"curies":[{"name":"wp","href":"https:\/\/api.w.org\/{rel}","templated":true}]}}