{"id":8904,"date":"2025-03-18T08:27:40","date_gmt":"2025-03-18T07:27:40","guid":{"rendered":"https:\/\/gamida.fr\/?post_type=product&#038;p=8904"},"modified":"2025-04-16T18:03:41","modified_gmt":"2025-04-16T16:03:41","slug":"vt-900a","status":"publish","type":"product","link":"https:\/\/gamida.fr\/en\/ref\/vt-900a\/","title":{"rendered":"VT 900A"},"content":{"rendered":"<p><span data-sheets-root=\"1\" data-sheets-value=\"{&quot;1&quot;:2,&quot;2&quot;:&quot;Le testeur de ventilateur et analyseur de d\u00e9bit de gaz Fluke Biom\u00e9dical VT900A se distingue par sa pr\u00e9cision,sa facilit\u00e9 d'utilisation,sa fiabilit\u00e9 et sa portabilit\u00e9. Il est sp\u00e9cialement con\u00e7u pour effectuer des tests pr\u00e9cis et fiables sur tous les types d'\u00e9quipements de d\u00e9bit de gaz,en mettant l'accent sur ceux n\u00e9cessitant une grande pr\u00e9cision dans les mesures de d\u00e9bit et de pression ultra-faibles. Compact et l\u00e9ger,l'analyseur de d\u00e9bit de gaz VT900A est portable.&quot;}\" data-sheets-userformat=\"{&quot;2&quot;:15297,&quot;3&quot;:{&quot;1&quot;:0},&quot;9&quot;:0,&quot;10&quot;:1,&quot;11&quot;:3,&quot;12&quot;:0,&quot;14&quot;:{&quot;1&quot;:2,&quot;2&quot;:4408131},&quot;15&quot;:&quot;Google Sans&quot;,&quot;16&quot;:10}\">The Fluke Biomedical VT900A Ventilator Tester and Gas Flow Analyser features accuracy, ease of use, reliability and portability. It is specifically designed to perform accurate and reliable tests on all types of gas flow equipment, with an emphasis on those requiring high accuracy in ultra-low flow and pressure measurements. Compact and lightweight, the VT900A gas flow analyser is portable.<\/span><\/p>\n","protected":false},"excerpt":{"rendered":"<p><strong><span style=\"color: #2364b0;\">Ventilator tester <\/span><\/strong><\/p>\n<p>&nbsp;<\/p>\n<p><cite><span data-sheets-root=\"1\" data-sheets-value=\"{&quot;1&quot;:2,&quot;2&quot;:&quot;Fiabilit\u00e9 et portabilit\u00e9 pour les tests d\u2019\u00e9quipements m\u00e9dicaux respiratoires,notamment les ventilateurs n\u00e9onatals.&quot;}\" data-sheets-userformat=\"{&quot;2&quot;:15297,&quot;3&quot;:{&quot;1&quot;:0},&quot;9&quot;:0,&quot;10&quot;:1,&quot;11&quot;:3,&quot;12&quot;:0,&quot;14&quot;:{&quot;1&quot;:2,&quot;2&quot;:4408131},&quot;15&quot;:&quot;Google Sans&quot;,&quot;16&quot;:10}\">A portable, accurate ventilator analyser for all types of respiratory equipment.<\/span><\/cite><\/p>\n","protected":false},"featured_media":9117,"template":"","meta":[],"product_cat":[],"product_tag":[],"_links":{"self":[{"href":"https:\/\/gamida.fr\/en\/wp-json\/wp\/v2\/product\/8904"}],"collection":[{"href":"https:\/\/gamida.fr\/en\/wp-json\/wp\/v2\/product"}],"about":[{"href":"https:\/\/gamida.fr\/en\/wp-json\/wp\/v2\/types\/product"}],"wp:featuredmedia":[{"embeddable":true,"href":"https:\/\/gamida.fr\/en\/wp-json\/wp\/v2\/media\/9117"}],"wp:attachment":[{"href":"https:\/\/gamida.fr\/en\/wp-json\/wp\/v2\/media?parent=8904"}],"wp:term":[{"taxonomy":"product_cat","embeddable":true,"href":"https:\/\/gamida.fr\/en\/wp-json\/wp\/v2\/product_cat?post=8904"},{"taxonomy":"product_tag","embeddable":true,"href":"https:\/\/gamida.fr\/en\/wp-json\/wp\/v2\/product_tag?post=8904"}],"curies":[{"name":"wp","href":"https:\/\/api.w.org\/{rel}","templated":true}]}}